{"id":677,"date":"2016-06-20T12:56:34","date_gmt":"2016-06-20T11:56:34","guid":{"rendered":"http:\/\/www.subicevahisa.si\/ozivela-kultura\/?lang=en"},"modified":"2016-07-18T05:59:00","modified_gmt":"2016-07-18T05:59:00","slug":"ozivela-kultura","status":"publish","type":"page","link":"http:\/\/www.subicevahisa.si\/en\/ozivela-kultura\/","title":{"rendered":"(O)\u017eivela kultura"},"content":{"rendered":"<\/div><\/div><\/div><!-- close content main div --><\/div><\/div><div id='av_section_1' class='avia-section main_color avia-section-no-padding avia-no-border-styling avia-bg-style-scroll   av-minimum-height av-minimum-height-custom container_wrap fullsize' style = 'background-color: #e2e1cd; background-repeat: no-repeat; background-image: url(http:\/\/www.subicevahisa.si\/wp-content\/uploads\/2016\/06\/prihajajoci-dogodki-pasica-1500x138.png); background-attachment: scroll; background-position: top left; background-color: #e2e1cd; ' data-section-bg-repeat='no-repeat' ><div class='container' style='height:127px'><div class='template-page content  av-content-full alpha units'><div class='post-entry post-entry-type-page post-entry-677'><div class='entry-content-wrapper clearfix'>\n<div style='padding-bottom:0px;font-size:20px;' class='av-special-heading av-special-heading-h1  blockquote modern-quote modern-centered   av-inherit-size'><h1 class='av-special-heading-tag'  itemprop=\"headline\"  >(O)\u017eivela Kultura<\/h1><div class='special-heading-border'><div class='special-heading-inner-border' ><\/div><\/div><\/div>\n\n<\/div><\/div><\/div><!-- close content main div --><\/div><\/div><div id='av_section_2' class='avia-section main_color avia-section-default avia-no-border-styling avia-bg-style-scroll  zozene-strani container_wrap fullsize'   ><div class='container' ><div class='template-page content  av-content-full alpha units'><div class='post-entry post-entry-type-page post-entry-677'><div class='entry-content-wrapper clearfix'>\n<section class=\"av_textblock_section\"  itemscope=\"itemscope\" itemtype=\"https:\/\/schema.org\/CreativeWork\" ><div class='avia_textblock '   itemprop=\"text\" ><p>Projekt <strong>\u00bb(O)\u017eivela kultura!\u00ab<\/strong> je nastal v letu 2011, ko smo se povezali trije projektni partnerji na obmo\u010dju Lokalne akcijske skupine Lo\u0161kega pogorja: Muzejsko dru\u0161tvo \u017delezniki, Ob\u010dina \u017diri in Ob\u010dina Gorenja vasPoljane. Na\u0161 namen je bil oblikovati skupen projekt na podro\u010dju ohranjanja dedi\u0161\u010dine na\u0161ega pode\u017eelja, in rde\u010da nit, ki nas je povezala, je muzejska dejavnost.<\/p>\n<p>Projekt se je odvijal v <strong>Muzeju \u017delezniki<\/strong>, kjer je bila pripravljena nova razstava o sodarstvu, oglarstvu, gozdarstvu in furmanstvu, v <strong>Kulturnem centru slikarjev \u0160ubic<\/strong> v Poljanah, kjer je nastala razstava o slikarjih rodbine \u0160ubicev, ter v <strong>Muzeju \u017diri,<\/strong> kjer je nastala razstava \u017diri in \u017dirovci skozi \u010das. Vzporedno s postavitvijo razstav so nastali novi programi delavnic oz. drugih programov.\u00a0 Projektni partnerji smo razmi\u0161ljali tudi o polo\u017eaju tovrstnih ustanov, ki nimajo pogojev, da bi bile vklju\u010dene v dr\u017eavno muzejsko mre\u017eo, vendar pa s svojo \u0161iroko paleto dejavnosti, med katerimi ima muzejska vidno vlogo, predstavljajo pomemben kulturni center za lokalno okolje. Z medsebojnim povezovanjem in zdru\u017eenimi promocijskimi aktivnostmi postajamo bolj prepoznavni in la\u017eje opozorimo nase tudi v \u0161ir\u0161em kulturnem prostoru.<\/p>\n<p>Projekt je zaklju\u010den v letu 2013. Ve\u010d si lahko preberete v predstavitveni bro\u0161uri.<\/p>\n<p>Projekt se je izvajal v okviru 1. na\u010drta izvedbenih projektov za leto 2011 za kori\u0161\u010denje sredstev LEADER (Program razvoja pode\u017eelja RS za obdobje 2007-2013 \u2013 os 4 \u2013 sredstva LEADER) na obmo\u010dju Lokalne akcijske skupine lo\u0161kega pogorja, in je sofinanciran iz sredstev Evropskega kmetijskega sklada za razvoj pode\u017eelja, nacionalnih sredstev ter iz sredstev projektnih partnerjev. Organ upravljanja Programa razvoja pode\u017eelja RS za obdobje 2007-2013 je Ministrstvo za kmetijstvo in okolje. Administrativni in finan\u010dni vodja LAS lo\u0161kega pogorja je Razvojna agencija Sora, d.o.o.<\/p>\n<p><strong>Financerji, podporniki in projektni partnerji:<\/strong><\/p>\n<\/div><\/section>\n\n<\/div><\/div><\/div><!-- close content main div --><\/div><\/div><div id='av_section_3' class='avia-section main_color avia-section-no-padding avia-no-border-styling avia-bg-style-scroll  zozene-strani logoti container_wrap fullsize'   ><div class='container' ><div class='template-page content  av-content-full alpha units'><div class='post-entry post-entry-type-page post-entry-677'><div class='entry-content-wrapper clearfix'>\n<div class=\"flex_column av_one_full  flex_column_div av-zero-column-padding first  prva-vrsta \" style='border-radius:0px; '><p><div class='avia-image-container  av-styling-    avia-align- '  itemscope=\"itemscope\" itemtype=\"https:\/\/schema.org\/ImageObject\"  ><div class='avia-image-container-inner'><img class='avia_image ' src='http:\/\/www.subicevahisa.si\/wp-content\/uploads\/2016\/06\/footer_logo_4.png' alt='' title=''   itemprop=\"contentURL\"  \/><\/div><\/div><br \/>\n<div class='avia-image-container  av-styling-    avia-align- '  itemscope=\"itemscope\" itemtype=\"https:\/\/schema.org\/ImageObject\"  ><div class='avia-image-container-inner'><a href='http:\/\/ec.europa.eu\/agriculture\/rurdev\/index_sl.htm' class='avia_image'   target=\"_blank\" ><img class='avia_image ' src='http:\/\/www.subicevahisa.si\/wp-content\/uploads\/2016\/06\/footer_logo_6.png' alt='' title=''  itemprop=\"contentURL\"  \/><\/a><\/div><\/div><br \/>\n<div class='avia-image-container  av-styling-    avia-align- '  itemscope=\"itemscope\" itemtype=\"https:\/\/schema.org\/ImageObject\"  ><div class='avia-image-container-inner'><a href='http:\/\/enrd.ec.europa.eu\/leader\/en\/leader_en.cfm' class='avia_image'   target=\"_blank\" ><img class='avia_image ' src='http:\/\/www.subicevahisa.si\/wp-content\/uploads\/2016\/06\/footer_logo_1.png' alt='' title=''  itemprop=\"contentURL\"  \/><\/a><\/div><\/div><br \/>\n<div class='avia-image-container  av-styling-    avia-align- '  itemscope=\"itemscope\" itemtype=\"https:\/\/schema.org\/ImageObject\"  ><div class='avia-image-container-inner'><img class='avia_image ' src='http:\/\/www.subicevahisa.si\/wp-content\/uploads\/2016\/06\/4-slo.png' alt='' title=''   itemprop=\"contentURL\"  \/><\/div><\/div><br \/>\n<div class='avia-image-container  av-styling-    avia-align- '  itemscope=\"itemscope\" itemtype=\"https:\/\/schema.org\/ImageObject\"  ><div class='avia-image-container-inner'><a href='http:\/\/www.las-pogorje.si\/Slo\/main.asp' class='avia_image'   target=\"_blank\" ><img class='avia_image ' src='http:\/\/www.subicevahisa.si\/wp-content\/uploads\/2016\/06\/footer_logo_3.png' alt='' title=''  itemprop=\"contentURL\"  \/><\/a><\/div><\/div><br \/>\n<div class='avia-image-container  av-styling-    avia-align- '  itemscope=\"itemscope\" itemtype=\"https:\/\/schema.org\/ImageObject\"  ><div class='avia-image-container-inner'><a href='http:\/\/www.ra-sora.si\/' class='avia_image'   target=\"_blank\" ><img class='avia_image ' src='http:\/\/www.subicevahisa.si\/wp-content\/uploads\/2016\/06\/7-ras.png' alt='' title=''  itemprop=\"contentURL\"  \/><\/a><\/div><\/div><\/p><\/div><div class=\"flex_column av_one_full  flex_column_div av-zero-column-padding first  druga-vrsta \" style='border-radius:0px; '><p><div class='avia-image-container  av-styling-    avia-align- '  itemscope=\"itemscope\" itemtype=\"https:\/\/schema.org\/ImageObject\"  ><div class='avia-image-container-inner'><img class='avia_image ' src='http:\/\/www.subicevahisa.si\/wp-content\/uploads\/2016\/06\/12-logo-kcss.png' alt='' title=''   itemprop=\"contentURL\"  \/><\/div><\/div><br \/>\n<div class='avia-image-container  av-styling-    avia-align- '  itemscope=\"itemscope\" itemtype=\"https:\/\/schema.org\/ImageObject\"  ><div class='avia-image-container-inner'><a href='http:\/\/www.obcina-gvp.si\/' class='avia_image'   target=\"_blank\" ><img class='avia_image ' src='http:\/\/www.subicevahisa.si\/wp-content\/uploads\/2016\/06\/footer_logo_2.png' alt='' title=''  itemprop=\"contentURL\"  \/><\/a><\/div><\/div><br \/>\n<div class='avia-image-container  av-styling-    avia-align- '  itemscope=\"itemscope\" itemtype=\"https:\/\/schema.org\/ImageObject\"  ><div class='avia-image-container-inner'><a href='http:\/\/www.ziri.si\/' class='avia_image'   target=\"_blank\" ><img class='avia_image ' src='http:\/\/www.subicevahisa.si\/wp-content\/uploads\/2016\/06\/6-ziri.png' alt='' title=''  itemprop=\"contentURL\"  \/><\/a><\/div><\/div><br \/>\n<div class='avia-image-container  av-styling-    avia-align- '  itemscope=\"itemscope\" itemtype=\"https:\/\/schema.org\/ImageObject\"  ><div class='avia-image-container-inner'><a href='http:\/\/www.zelezniki.si\/' class='avia_image'   target=\"_blank\" ><img class='avia_image ' src='http:\/\/www.subicevahisa.si\/wp-content\/uploads\/2016\/06\/8-zelezniki.png' alt='' title=''  itemprop=\"contentURL\"  \/><\/a><\/div><\/div><br \/>\n<div class='avia-image-container  av-styling-    avia-align- '  itemscope=\"itemscope\" itemtype=\"https:\/\/schema.org\/ImageObject\"  ><div class='avia-image-container-inner'><a href='http:\/\/www.jzr.si\/index.php?module=strani&amp;stranid=7' class='avia_image'   target=\"_blank\" ><img class='avia_image ' src='http:\/\/www.subicevahisa.si\/wp-content\/uploads\/2016\/06\/10-ratitovec.png' alt='' title=''  itemprop=\"contentURL\"  \/><\/a><\/div><\/div><br \/>\n<div class='avia-image-container  av-styling-    avia-align- '  itemscope=\"itemscope\" itemtype=\"https:\/\/schema.org\/ImageObject\"  ><div class='avia-image-container-inner'><img class='avia_image ' src='http:\/\/www.subicevahisa.si\/wp-content\/uploads\/2016\/06\/11-muzejsko-drustvo-zelezniki.png' alt='' title=''   itemprop=\"contentURL\"  \/><\/div><\/div><br \/>\n<div class='avia-image-container  av-styling-    avia-align- '  itemscope=\"itemscope\" itemtype=\"https:\/\/schema.org\/ImageObject\"  ><div class='avia-image-container-inner'><a href='http:\/\/muzej-ziri.si\/' class='avia_image'   target=\"_blank\" ><img class='avia_image ' src='http:\/\/www.subicevahisa.si\/wp-content\/uploads\/2016\/06\/12-muzejsko-drustvo-ziri.png' alt='' title=''  itemprop=\"contentURL\"  \/><\/a><\/div><\/div><\/p><\/div><\/div><\/div><\/div><!-- close content main div --><\/div><\/div><div id='av_section_4' class='avia-section main_color avia-section-small avia-no-border-styling avia-bg-style-scroll  prihajajoci-dogodki av-minimum-height av-minimum-height-custom container_wrap fullsize' style = 'background-color: #e2e1cd; background-repeat: no-repeat; background-image: url(http:\/\/www.subicevahisa.si\/wp-content\/uploads\/2016\/06\/prihajajoci-dogodki-pasica-1500x138.png); background-attachment: scroll; background-position: top left; background-color: #e2e1cd; ' data-section-bg-repeat='no-repeat' ><div class='container' style='height:127px'><div class='template-page content  av-content-full alpha units'><div class='post-entry post-entry-type-page post-entry-677'><div class='entry-content-wrapper clearfix'>\n<section class=\"av_textblock_section\"  itemscope=\"itemscope\" itemtype=\"https:\/\/schema.org\/CreativeWork\" ><div class='avia_textblock '   itemprop=\"text\" ><div class=\"prihajajoci-dogodki av-special-heading av-special-heading-h4 custom-color-heading blockquote modern-quote modern-centered avia-builder-el-first\"><h4>Upcoming events<\/h4><\/div><p class=\"ni-dogodkov\">There are no upcoming events.<\/p>\n<\/div><\/section>\n<\/p>\n","protected":false},"excerpt":{"rendered":"","protected":false},"author":1,"featured_media":0,"parent":0,"menu_order":0,"comment_status":"closed","ping_status":"closed","template":"","meta":[],"_links":{"self":[{"href":"http:\/\/www.subicevahisa.si\/en\/wp-json\/wp\/v2\/pages\/677"}],"collection":[{"href":"http:\/\/www.subicevahisa.si\/en\/wp-json\/wp\/v2\/pages"}],"about":[{"href":"http:\/\/www.subicevahisa.si\/en\/wp-json\/wp\/v2\/types\/page"}],"author":[{"embeddable":true,"href":"http:\/\/www.subicevahisa.si\/en\/wp-json\/wp\/v2\/users\/1"}],"replies":[{"embeddable":true,"href":"http:\/\/www.subicevahisa.si\/en\/wp-json\/wp\/v2\/comments?post=677"}],"version-history":[{"count":5,"href":"http:\/\/www.subicevahisa.si\/en\/wp-json\/wp\/v2\/pages\/677\/revisions"}],"predecessor-version":[{"id":857,"href":"http:\/\/www.subicevahisa.si\/en\/wp-json\/wp\/v2\/pages\/677\/revisions\/857"}],"wp:attachment":[{"href":"http:\/\/www.subicevahisa.si\/en\/wp-json\/wp\/v2\/media?parent=677"}],"curies":[{"name":"wp","href":"https:\/\/api.w.org\/{rel}","templated":true}]}}